{"id":768,"date":"2026-04-08T13:19:06","date_gmt":"2026-04-08T13:19:06","guid":{"rendered":"https:\/\/handgoal.fr\/?post_type=product&#038;p=768"},"modified":"2026-04-08T13:27:47","modified_gmt":"2026-04-08T13:27:47","slug":"la-methode-khatkova-formation-complete","status":"publish","type":"product","link":"https:\/\/handgoal.fr\/en\/product\/la-methode-khatkova-formation-complete\/","title":{"rendered":"La M\u00e9thode Khatkova &#8211; Formation compl\u00e8te"},"content":{"rendered":"<p data-start=\"172\" data-end=\"291\">Une m\u00e9thode unique pour former, structurer et faire progresser vos gardien(ne)s du niveau d\u00e9butant au tr\u00e8s haut niveau.<\/p>\n<p data-start=\"293\" data-end=\"489\"><strong data-start=\"293\" data-end=\"316\">La M\u00e9thode Khatkova<\/strong> est un programme complet construit \u00e0 partir de plus de 40 ans d\u2019exp\u00e9rience du haut niveau par Marina Khatkova, ancienne gardienne internationale et entra\u00eeneure sp\u00e9cialis\u00e9e.<\/p>\n<h2 data-section-id=\"16w0bnn\" data-start=\"496\" data-end=\"555\">Une formation structur\u00e9e en 4 modules compl\u00e9mentaires<\/h2>\n<ul data-start=\"557\" data-end=\"640\">\n<li data-section-id=\"7bqu5\" data-start=\"557\" data-end=\"569\">D\u00e9butant<\/li>\n<li data-section-id=\"15sl9cq\" data-start=\"570\" data-end=\"587\">Interm\u00e9diaire<\/li>\n<li data-section-id=\"1pbtf11\" data-start=\"588\" data-end=\"615\">Professionnel Technique<\/li>\n<li data-section-id=\"1u4gv7a\" data-start=\"616\" data-end=\"640\">Professionnel Mental<\/li>\n<\/ul>\n<p data-start=\"642\" data-end=\"770\">Chaque module correspond \u00e0 une \u00e9tape cl\u00e9 du d\u00e9veloppement du gardien(ne), pour une progression logique, coh\u00e9rente et durable.<\/p>\n<h2 data-section-id=\"qac8j9\" data-start=\"777\" data-end=\"812\">Une approche globale du poste<\/h2>\n<p data-start=\"814\" data-end=\"878\">Contrairement aux formations classiques, cette m\u00e9thode int\u00e8gre :<\/p>\n<ul data-start=\"880\" data-end=\"1044\">\n<li data-section-id=\"9uhnqg\" data-start=\"880\" data-end=\"904\">le travail technique<\/li>\n<li data-section-id=\"xtnh8f\" data-start=\"905\" data-end=\"945\">le d\u00e9veloppement physique sp\u00e9cifique<\/li>\n<li data-section-id=\"boiw4k\" data-start=\"946\" data-end=\"982\">la lecture du jeu et la tactique<\/li>\n<li data-section-id=\"1tz0cvj\" data-start=\"983\" data-end=\"1044\"><strong data-start=\"985\" data-end=\"1042\">l\u2019aspect mental et psychologique (cl\u00e9 du haut niveau)<\/strong><\/li>\n<\/ul>\n<h2 data-section-id=\"haidw6\" data-start=\"1051\" data-end=\"1099\">Un contenu concret, directement applicable<\/h2>\n<p data-start=\"1101\" data-end=\"1139\">Dans cette formation, vous trouverez :<\/p>\n<ul data-start=\"1141\" data-end=\"1322\">\n<li data-section-id=\"qp9u5u\" data-start=\"1141\" data-end=\"1179\">des vid\u00e9os p\u00e9dagogiques d\u00e9taill\u00e9es<\/li>\n<li data-section-id=\"1yi0c4a\" data-start=\"1180\" data-end=\"1235\">des situations d\u2019entra\u00eenement issues du haut niveau<\/li>\n<li data-section-id=\"1t2erju\" data-start=\"1236\" data-end=\"1278\">des exercices reproductibles en s\u00e9ance<\/li>\n<li data-section-id=\"181p0xu\" data-start=\"1279\" data-end=\"1322\">des explications claires et structur\u00e9es<\/li>\n<\/ul>\n<h2 data-section-id=\"134hgen\" data-start=\"1455\" data-end=\"1486\"><span role=\"text\"><strong data-start=\"1458\" data-end=\"1486\">Fonctionnement de la formation<\/strong><\/span><\/h2>\n<p data-start=\"1614\" data-end=\"1718\">Apr\u00e8s achat, vous recevez <strong>un mail contenant un lien d&rsquo;acc\u00e8s<\/strong> \u00e0 des vid\u00e9os en ligne organis\u00e9es par th\u00e9matiques, accompagn\u00e9es de supports p\u00e9dagogiques.<\/p>\n<p data-start=\"1614\" data-end=\"1718\">Vous recevrez imm\u00e9diatement un <strong data-start=\"1645\" data-end=\"1667\">PDF t\u00e9l\u00e9chargeable<\/strong> contenant les points cl\u00e9s et les r\u00e8gles d\u2019acc\u00e8s.<\/p>\n<p data-start=\"1721\" data-end=\"1808\">Les vid\u00e9os sont accessibles via <strong data-start=\"1753\" data-end=\"1779\">YouTube en acc\u00e8s priv\u00e9<\/strong> avec votre <strong>adresse e-mail avec laquelle vous passez\u00a0commande<\/strong>.<\/p>\n<p data-start=\"1811\" data-end=\"1961\">Vous b\u00e9n\u00e9ficiez de <strong data-start=\"1830\" data-end=\"1862\">2 mois de suivi personnalis\u00e9<\/strong> avec Marina Khatkova.<\/p>\n<p data-start=\"1964\" data-end=\"2064\">L\u2019acc\u00e8s aux contenus est valable <strong data-start=\"1997\" data-end=\"2007\">6 mois<\/strong>, pour revoir les vid\u00e9os et conseils quand vous voulez.<\/p>\n<p data-section-id=\"1n0e6mk\" data-start=\"1947\" data-end=\"1961\"><strong>Objectifs <\/strong>:\u00a0Permettre aux entra\u00eeneurs et structures de structurer leur travail sp\u00e9cifique gardien(ne), de\u00a0faire progresser efficacement leurs athl\u00e8tes et de les\u00a0accompagner vers la performance durable vers le\u00a0haut niveau.<\/p>\n<h2 data-section-id=\"o976gn\" data-start=\"2201\" data-end=\"2217\">Pour qui ?<\/h2>\n<ul data-start=\"2219\" data-end=\"2351\">\n<li data-section-id=\"qrhz33\" data-start=\"2219\" data-end=\"2250\">Entra\u00eeneurs de gardien(ne)s<\/li>\n<li data-section-id=\"1j9yhgg\" data-start=\"2251\" data-end=\"2274\">Coachs U15 \u00e0 senior<\/li>\n<li data-section-id=\"51zyzf\" data-start=\"2275\" data-end=\"2310\">Clubs et structures ambitieuses<\/li>\n<li data-section-id=\"1wb0rxx\" data-start=\"2311\" data-end=\"2351\">Passionn\u00e9s souhaitant se sp\u00e9cialiser<\/li>\n<\/ul>\n<h2 data-section-id=\"zclovh\" data-start=\"3553\" data-end=\"3582\">Inclus dans votre achat<\/h2>\n<ul data-start=\"3584\" data-end=\"3696\">\n<li data-section-id=\"kuqsym\" data-start=\"3584\" data-end=\"3616\">PDF support + r\u00e8gles d\u2019acc\u00e8s<\/li>\n<li data-section-id=\"1qwiqwh\" data-start=\"3617\" data-end=\"3637\">Vid\u00e9os compl\u00e8tes<\/li>\n<li data-section-id=\"11g1484\" data-start=\"3638\" data-end=\"3658\">Contenus terrain<\/li>\n<li data-section-id=\"12hgbtq\" data-start=\"3659\" data-end=\"3696\">Suivi 2 mois avec Marina Khatkova<\/li>\n<\/ul>","protected":false},"excerpt":{"rendered":"<p data-start=\"108\" data-end=\"230\">12h de formation structur\u00e9es en 4 modules pour accompagner vos gardien(ne)s de tous niveaux, du d\u00e9butant au haut niveau.<\/p>\n<p data-start=\"232\" data-end=\"371\">Vous y trouverez les cl\u00e9s, les outils et une m\u00e9thodologie compl\u00e8te pour structurer le d\u00e9veloppement et amener vos GB vers la performance.<\/p>\n<p data-start=\"373\" data-end=\"445\" data-is-last-node=\"\" data-is-only-node=\"\">Une vision claire, concr\u00e8te et directement applicable sur le terrain.<\/p>","protected":false},"featured_media":770,"comment_status":"open","ping_status":"closed","template":"","meta":{"_crdt_document":""},"product_brand":[],"product_cat":[97],"product_tag":[],"class_list":{"0":"post-768","1":"product","2":"type-product","3":"status-publish","4":"has-post-thumbnail","6":"product_cat-handform","8":"first","9":"instock","10":"downloadable","11":"virtual","12":"purchasable","13":"product-type-simple"},"yoast_head":"<!-- This site is optimized with the Yoast SEO plugin v27.4 - https:\/\/yoast.com\/product\/yoast-seo-wordpress\/ -->\n<title>La M\u00e9thode Khatkova - Formation compl\u00e8te - Handgoal<\/title>\n<meta name=\"description\" content=\"Formation gardien handball compl\u00e8te (12h) : 4 modules tous niveaux pour structurer l\u2019entra\u00eenement et d\u00e9velopper vos GB vers le haut niveau avec la M\u00e9thode Khatkova.\" \/>\n<meta name=\"robots\" content=\"index, follow, max-snippet:-1, max-image-preview:large, max-video-preview:-1\" \/>\n<link rel=\"canonical\" href=\"https:\/\/handgoal.fr\/en\/product\/la-methode-khatkova-formation-complete\/\" \/>\n<meta property=\"og:locale\" content=\"en_US\" \/>\n<meta property=\"og:type\" content=\"article\" \/>\n<meta property=\"og:title\" content=\"La M\u00e9thode Khatkova - Formation compl\u00e8te - Handgoal\" \/>\n<meta property=\"og:description\" content=\"Formation gardien handball compl\u00e8te (12h) : 4 modules tous niveaux pour structurer l\u2019entra\u00eenement et d\u00e9velopper vos GB vers le haut niveau avec la M\u00e9thode Khatkova.\" \/>\n<meta property=\"og:url\" content=\"https:\/\/handgoal.fr\/en\/product\/la-methode-khatkova-formation-complete\/\" \/>\n<meta property=\"og:site_name\" content=\"Handgoal\" \/>\n<meta property=\"article:modified_time\" content=\"2026-04-08T13:27:47+00:00\" \/>\n<meta property=\"og:image\" content=\"https:\/\/handgoal.fr\/wp-content\/uploads\/2026\/04\/1-1-819x1024.png\" \/>\n\t<meta property=\"og:image:width\" content=\"819\" \/>\n\t<meta property=\"og:image:height\" content=\"1024\" \/>\n\t<meta property=\"og:image:type\" content=\"image\/png\" \/>\n<meta name=\"twitter:card\" content=\"summary_large_image\" \/>\n<meta name=\"twitter:label1\" content=\"Est. reading time\" \/>\n\t<meta name=\"twitter:data1\" content=\"2 minutes\" \/>\n<script type=\"application\/ld+json\" class=\"yoast-schema-graph\">{\"@context\":\"https:\\\/\\\/schema.org\",\"@graph\":[{\"@type\":\"WebPage\",\"@id\":\"https:\\\/\\\/handgoal.fr\\\/product\\\/la-methode-khatkova-formation-complete\\\/\",\"url\":\"https:\\\/\\\/handgoal.fr\\\/product\\\/la-methode-khatkova-formation-complete\\\/\",\"name\":\"La M\u00e9thode Khatkova - Formation compl\u00e8te - Handgoal\",\"isPartOf\":{\"@id\":\"https:\\\/\\\/handgoal.fr\\\/#website\"},\"primaryImageOfPage\":{\"@id\":\"https:\\\/\\\/handgoal.fr\\\/product\\\/la-methode-khatkova-formation-complete\\\/#primaryimage\"},\"image\":{\"@id\":\"https:\\\/\\\/handgoal.fr\\\/product\\\/la-methode-khatkova-formation-complete\\\/#primaryimage\"},\"thumbnailUrl\":\"https:\\\/\\\/handgoal.fr\\\/wp-content\\\/uploads\\\/2026\\\/04\\\/1-1-scaled.png\",\"datePublished\":\"2026-04-08T13:19:06+00:00\",\"dateModified\":\"2026-04-08T13:27:47+00:00\",\"description\":\"Formation gardien handball compl\u00e8te (12h) : 4 modules tous niveaux pour structurer l\u2019entra\u00eenement et d\u00e9velopper vos GB vers le haut niveau avec la M\u00e9thode Khatkova.\",\"breadcrumb\":{\"@id\":\"https:\\\/\\\/handgoal.fr\\\/product\\\/la-methode-khatkova-formation-complete\\\/#breadcrumb\"},\"inLanguage\":\"en-US\",\"potentialAction\":[{\"@type\":\"ReadAction\",\"target\":[\"https:\\\/\\\/handgoal.fr\\\/product\\\/la-methode-khatkova-formation-complete\\\/\"]}]},{\"@type\":\"ImageObject\",\"inLanguage\":\"en-US\",\"@id\":\"https:\\\/\\\/handgoal.fr\\\/product\\\/la-methode-khatkova-formation-complete\\\/#primaryimage\",\"url\":\"https:\\\/\\\/handgoal.fr\\\/wp-content\\\/uploads\\\/2026\\\/04\\\/1-1-scaled.png\",\"contentUrl\":\"https:\\\/\\\/handgoal.fr\\\/wp-content\\\/uploads\\\/2026\\\/04\\\/1-1-scaled.png\",\"width\":2048,\"height\":2560},{\"@type\":\"BreadcrumbList\",\"@id\":\"https:\\\/\\\/handgoal.fr\\\/product\\\/la-methode-khatkova-formation-complete\\\/#breadcrumb\",\"itemListElement\":[{\"@type\":\"ListItem\",\"position\":1,\"name\":\"Home\",\"item\":\"https:\\\/\\\/handgoal.fr\\\/\"},{\"@type\":\"ListItem\",\"position\":2,\"name\":\"boutique\",\"item\":\"https:\\\/\\\/handgoal.fr\\\/boutique\\\/\"},{\"@type\":\"ListItem\",\"position\":3,\"name\":\"La M\u00e9thode Khatkova &#8211; Formation compl\u00e8te\"}]},{\"@type\":\"WebSite\",\"@id\":\"https:\\\/\\\/handgoal.fr\\\/#website\",\"url\":\"https:\\\/\\\/handgoal.fr\\\/\",\"name\":\"Handgoal\",\"description\":\"\",\"publisher\":{\"@id\":\"https:\\\/\\\/handgoal.fr\\\/#organization\"},\"potentialAction\":[{\"@type\":\"SearchAction\",\"target\":{\"@type\":\"EntryPoint\",\"urlTemplate\":\"https:\\\/\\\/handgoal.fr\\\/?s={search_term_string}\"},\"query-input\":{\"@type\":\"PropertyValueSpecification\",\"valueRequired\":true,\"valueName\":\"search_term_string\"}}],\"inLanguage\":\"en-US\"},{\"@type\":\"Organization\",\"@id\":\"https:\\\/\\\/handgoal.fr\\\/#organization\",\"name\":\"Handgoal\",\"url\":\"https:\\\/\\\/handgoal.fr\\\/\",\"logo\":{\"@type\":\"ImageObject\",\"inLanguage\":\"en-US\",\"@id\":\"https:\\\/\\\/handgoal.fr\\\/#\\\/schema\\\/logo\\\/image\\\/\",\"url\":\"https:\\\/\\\/handgoal.fr\\\/wp-content\\\/uploads\\\/2025\\\/07\\\/logo-handgoal-officiel-copie-1-scaled.png\",\"contentUrl\":\"https:\\\/\\\/handgoal.fr\\\/wp-content\\\/uploads\\\/2025\\\/07\\\/logo-handgoal-officiel-copie-1-scaled.png\",\"width\":2560,\"height\":937,\"caption\":\"Handgoal\"},\"image\":{\"@id\":\"https:\\\/\\\/handgoal.fr\\\/#\\\/schema\\\/logo\\\/image\\\/\"}}]}<\/script>\n<!-- \/ Yoast SEO plugin. -->","yoast_head_json":{"title":"La M\u00e9thode Khatkova - Formation compl\u00e8te - Handgoal","description":"Formation gardien handball compl\u00e8te (12h) : 4 modules tous niveaux pour structurer l\u2019entra\u00eenement et d\u00e9velopper vos GB vers le haut niveau avec la M\u00e9thode Khatkova.","robots":{"index":"index","follow":"follow","max-snippet":"max-snippet:-1","max-image-preview":"max-image-preview:large","max-video-preview":"max-video-preview:-1"},"canonical":"https:\/\/handgoal.fr\/en\/product\/la-methode-khatkova-formation-complete\/","og_locale":"en_US","og_type":"article","og_title":"La M\u00e9thode Khatkova - Formation compl\u00e8te - Handgoal","og_description":"Formation gardien handball compl\u00e8te (12h) : 4 modules tous niveaux pour structurer l\u2019entra\u00eenement et d\u00e9velopper vos GB vers le haut niveau avec la M\u00e9thode Khatkova.","og_url":"https:\/\/handgoal.fr\/en\/product\/la-methode-khatkova-formation-complete\/","og_site_name":"Handgoal","article_modified_time":"2026-04-08T13:27:47+00:00","og_image":[{"width":819,"height":1024,"url":"https:\/\/handgoal.fr\/wp-content\/uploads\/2026\/04\/1-1-819x1024.png","type":"image\/png"}],"twitter_card":"summary_large_image","twitter_misc":{"Est. reading time":"2 minutes"},"schema":{"@context":"https:\/\/schema.org","@graph":[{"@type":"WebPage","@id":"https:\/\/handgoal.fr\/product\/la-methode-khatkova-formation-complete\/","url":"https:\/\/handgoal.fr\/product\/la-methode-khatkova-formation-complete\/","name":"La M\u00e9thode Khatkova - Formation compl\u00e8te - Handgoal","isPartOf":{"@id":"https:\/\/handgoal.fr\/#website"},"primaryImageOfPage":{"@id":"https:\/\/handgoal.fr\/product\/la-methode-khatkova-formation-complete\/#primaryimage"},"image":{"@id":"https:\/\/handgoal.fr\/product\/la-methode-khatkova-formation-complete\/#primaryimage"},"thumbnailUrl":"https:\/\/handgoal.fr\/wp-content\/uploads\/2026\/04\/1-1-scaled.png","datePublished":"2026-04-08T13:19:06+00:00","dateModified":"2026-04-08T13:27:47+00:00","description":"Formation gardien handball compl\u00e8te (12h) : 4 modules tous niveaux pour structurer l\u2019entra\u00eenement et d\u00e9velopper vos GB vers le haut niveau avec la M\u00e9thode Khatkova.","breadcrumb":{"@id":"https:\/\/handgoal.fr\/product\/la-methode-khatkova-formation-complete\/#breadcrumb"},"inLanguage":"en-US","potentialAction":[{"@type":"ReadAction","target":["https:\/\/handgoal.fr\/product\/la-methode-khatkova-formation-complete\/"]}]},{"@type":"ImageObject","inLanguage":"en-US","@id":"https:\/\/handgoal.fr\/product\/la-methode-khatkova-formation-complete\/#primaryimage","url":"https:\/\/handgoal.fr\/wp-content\/uploads\/2026\/04\/1-1-scaled.png","contentUrl":"https:\/\/handgoal.fr\/wp-content\/uploads\/2026\/04\/1-1-scaled.png","width":2048,"height":2560},{"@type":"BreadcrumbList","@id":"https:\/\/handgoal.fr\/product\/la-methode-khatkova-formation-complete\/#breadcrumb","itemListElement":[{"@type":"ListItem","position":1,"name":"Home","item":"https:\/\/handgoal.fr\/"},{"@type":"ListItem","position":2,"name":"boutique","item":"https:\/\/handgoal.fr\/boutique\/"},{"@type":"ListItem","position":3,"name":"La M\u00e9thode Khatkova &#8211; Formation compl\u00e8te"}]},{"@type":"WebSite","@id":"https:\/\/handgoal.fr\/#website","url":"https:\/\/handgoal.fr\/","name":"Handgoal","description":"","publisher":{"@id":"https:\/\/handgoal.fr\/#organization"},"potentialAction":[{"@type":"SearchAction","target":{"@type":"EntryPoint","urlTemplate":"https:\/\/handgoal.fr\/?s={search_term_string}"},"query-input":{"@type":"PropertyValueSpecification","valueRequired":true,"valueName":"search_term_string"}}],"inLanguage":"en-US"},{"@type":"Organization","@id":"https:\/\/handgoal.fr\/#organization","name":"Handgoal","url":"https:\/\/handgoal.fr\/","logo":{"@type":"ImageObject","inLanguage":"en-US","@id":"https:\/\/handgoal.fr\/#\/schema\/logo\/image\/","url":"https:\/\/handgoal.fr\/wp-content\/uploads\/2025\/07\/logo-handgoal-officiel-copie-1-scaled.png","contentUrl":"https:\/\/handgoal.fr\/wp-content\/uploads\/2025\/07\/logo-handgoal-officiel-copie-1-scaled.png","width":2560,"height":937,"caption":"Handgoal"},"image":{"@id":"https:\/\/handgoal.fr\/#\/schema\/logo\/image\/"}}]}},"jetpack_sharing_enabled":true,"_links":{"self":[{"href":"https:\/\/handgoal.fr\/en\/wp-json\/wp\/v2\/product\/768","targetHints":{"allow":["GET"]}}],"collection":[{"href":"https:\/\/handgoal.fr\/en\/wp-json\/wp\/v2\/product"}],"about":[{"href":"https:\/\/handgoal.fr\/en\/wp-json\/wp\/v2\/types\/product"}],"replies":[{"embeddable":true,"href":"https:\/\/handgoal.fr\/en\/wp-json\/wp\/v2\/comments?post=768"}],"wp:featuredmedia":[{"embeddable":true,"href":"https:\/\/handgoal.fr\/en\/wp-json\/wp\/v2\/media\/770"}],"wp:attachment":[{"href":"https:\/\/handgoal.fr\/en\/wp-json\/wp\/v2\/media?parent=768"}],"wp:term":[{"taxonomy":"product_brand","embeddable":true,"href":"https:\/\/handgoal.fr\/en\/wp-json\/wp\/v2\/product_brand?post=768"},{"taxonomy":"product_cat","embeddable":true,"href":"https:\/\/handgoal.fr\/en\/wp-json\/wp\/v2\/product_cat?post=768"},{"taxonomy":"product_tag","embeddable":true,"href":"https:\/\/handgoal.fr\/en\/wp-json\/wp\/v2\/product_tag?post=768"}],"curies":[{"name":"wp","href":"https:\/\/api.w.org\/{rel}","templated":true}]}}